{"id":988,"date":"2014-12-31T20:28:57","date_gmt":"2015-01-01T04:28:57","guid":{"rendered":"http:\/\/tuinaacupuncture.com\/?page_id=988"},"modified":"2023-10-30T01:22:05","modified_gmt":"2023-10-30T08:22:05","slug":"policies-reforms","status":"publish","type":"page","link":"https:\/\/tuinaacupuncture.com\/?page_id=988","title":{"rendered":"Policies &#038; Reforms"},"content":{"rendered":"<p><span style=\"color: #000000;\">This page is devoted to policies and reforms that will be needed to reduce the rampant waste in U.S. healthcare and to introduce reforms that focus on disease prevention and long-term health improvement by providing community-specific resources that address the diverse needs of cohorts based on age, education, gender, race- ethnic identity.<\/span><\/p>\n<p><span style=\"color: #000000;\">More specifically, to avoid widespread reliance on synthetic pharmaceuticals as the primary therapeutic means of delivering healthcare and, failing that, offering surgery as the next best option for health improvement.<\/span><\/p>\n<p><span style=\"color: #000000;\">Following the passage of the Affordable care Act (2010), there is increasing hope that the ~$1 TRILLION dollars of annual waste in U.S. healthcare , i.e., healthcare related activities that provide little benefit for the patient, will be reined in and health care operations will become more transparent, ethical, and accountable.<\/span><\/p>\n<p><span style=\"color: #000000;\">The fiscal costs of incompetence in U.S. healthcare dwarfs our annual defense budget but cannot get the attention of politicians from either party. It appears that protecting the taxpayer from ~$1, 000, 000, 000, 000 per year of unnecessary healthcare costs is too complex an undertaking for our elected representatives.<\/span><\/p>\n<p><span style=\"color: #000000;\">Details are in the <a href=\"http:\/\/jama.jamanetwork.com\/article.aspx?articleid=1148376\"><span style=\"color: #000080;\">April 2012 <\/span><\/a>article, by Berwick &amp; Hackbarth, in the Journal of the American Medical Association .<\/span><\/p>\n<p style=\"text-align: center;\">******<\/p>\n<p style=\"text-align: left;\"><span style=\"color: #000000;\"><strong>Evaluation of dimensions and measurement scales in patient-centeredness<\/strong><\/span><\/p>\n<p style=\"text-align: left;\"><span style=\"color: #000000;\">J\u00f6rdis M Zill, Isabelle Scholl, Martin H\u00e4rter, J\u00f6rg Dirmaier<\/span><br \/>\n<span style=\"color: #000000;\"> Patient Preference and Adherence (2013):7 345\u2013351<\/span><\/p>\n<p style=\"text-align: left;\"><span style=\"color: #000000;\">As this exploratory article points out,<strong> &#8220;patient-centeredness&#8221;<\/strong>, as an operating philosophy,\u00a0 has gained importance over the last two decades.\u00a0 However,there is an absence of shared understanding or clarity of vision regarding the principal factors or dimensions of patient-centeredness in healthcare operations\/organizations.<\/span><\/p>\n<p style=\"text-align: left;\"><span style=\"color: #000000;\">Clinicians are beginning to acknowledge that an increased emphasis on the participation and self-determination of patients in their health care will increase both quality and efficiency and therefore reduce\u00a0 health care costs also.<\/span><\/p>\n<p style=\"text-align: left;\"><span style=\"color: #000000;\">This trifecta has been labeled the &#8220;triple aim&#8221; of enlightened healthcare in the 21st century.\u00a0 Three factors of relevance\u00a0 are Person- and Family-Centered Care, Patient Safety, and Quality, Cost, and Value.<\/span>\u00a0 <span style=\"color: #000000;\">More on this from the <\/span><a href=\"http:\/\/www.ihi.org\/Engage\/Initiatives\/TripleAim\/pages\/default.aspx\">IHI<\/a>.<\/p>\n<p style=\"text-align: left;\"><span style=\"color: #000000;\">For additional information on this subject, see<\/span><br \/>\n<span style=\"color: #000000;\"> <strong>The Triple Aim: Care,Health,\u00a0 And Cost<\/strong><\/span><br \/>\n<span style=\"color: #000000;\"> Donald M. Berwick, Thomas W. Nolan, John Whittington<\/span><br \/>\n<span style=\"color: #000000;\"> Health Affairs 27, no. 3 (2008): 759\u2013769<\/span><\/p>\n<p style=\"text-align: center;\">*****<\/p>\n<p style=\"text-align: left;\"><span style=\"color: #000000;\">In &#8220;<\/span><a href=\"https:\/\/hbr.org\/2013\/10\/the-strategy-that-will-fix-health-care\/\"><strong>The Strategy That Will Fix Health Care<\/strong><\/a><span style=\"color: #000000;\">&#8220;, which was published by the Harvard Business Review (October, 2013), authors Michael Porter and Thomas Lee claim that providers must lead the way in making &#8220;Value&#8221; the principal\u00a0 goal of health care.\u00a0 The need for &#8220;Integrated Practice Units&#8221;, with diverse specialists working together to define and to accomplish value creation for patients seeking health care\u00a0 is critical.<\/span><\/p>\n<p style=\"text-align: left;\"><span style=\"color: #000000;\">Sadly, except for a few leading organizations, like the Cleveland Clinic in the US, medical doctors remain firmly entrenched in their belief that only they have the knowledge to deliver the required services to achieve optimal health outcomes.\u00a0 The evidence base of system level incompetence over the last two decades of healthcare in the U.S. is still \u00a0being lost in discussions of relevant non-pharmacological options to improve health outcomes.<\/span><\/p>\n<p style=\"text-align: left;\"><span style=\"color: #000000;\">More specifically, discussions incorporating the use of non-pharmacological interventions for pain management, such as acupuncture, chiropractic, massage, and relaxation techniques including mind-body medicine practices that include Qigong ( Tai Chi) and Yoga.<\/span><\/p>\n<p style=\"text-align: left;\"><span style=\"color: #000000;\">Even though the Agency for Healthcare Research &amp; Quality(AHRQ) noted in <a style=\"color: #000000;\" href=\"http:\/\/effectivehealthcare.ahrq.gov\/index.cfm\/search-for-guides-reviews-and-reports\/?productid=1837&amp;pageaction=displayproduct\">December 2013<\/a> that there was need for a systematic review of the the benefits and harms (risks) of long-term use of opioids for chronic pain management. After decades of clinical use by medical doctors without adequate recognition of the harms to patients from long-term use of opioids,\u00a0 most hospitals and health care organizations continue to cling to the status quo.<\/span><\/p>\n<p><span style=\"color: #000000;\">To offer greater &#8220;Value&#8221;,\u00a0organizations selling health care\u00a0 insurance, in the United States and around the world, will need to become more aware\u00a0and to promote non-pharmacological interventions for pain management.<\/span><\/p>\n<p style=\"text-align: left;\">(AHRQ document excerpt)<\/p>\n<p style=\"text-align: left;\"><span style=\"color: #333399;\"><strong>I. Background and Objectives for the Systematic Review<\/strong><\/span><br \/>\n<span style=\"color: #333399;\">Chronic pain, often defined as pain lasting longer than 3 months or past the time of normal tissue healing, is extremely common. <strong>According to a recent Institute of Medicine report, up to one-third of U.S. adults report chronic pain. <\/strong><\/span><\/p>\n<p style=\"text-align: left;\"><span style=\"color: #333399;\">Chronic pain is by definition persistent, and frequently difficult to treat. <strong>There has been a dramatic increase over the\u00a0<\/strong><\/span><span style=\"color: #333399;\"><strong>past 10 to 20 years in the prescription of opioid medications for chronic pain, despite limited evidence showing long-term beneficial effects.<\/strong> In addition, accumulating evidence indicates increasing rates of harms associated with prescription opioids, including accidental overdose, abuse, addiction, diversion, and accidents involving injuries (such as falls and motor vehicle accidents). <\/span><\/p>\n<p style=\"text-align: left;\"><span style=\"color: #333399;\">Of perhaps most concern is the dramatic increase in overdose deaths associated with opioids. In 2010, there were 16,651 fatal overdoses involving prescription opioids. <strong>Prescription opioid misuse and abuse resulted in over 400,000 emergency department visits in 2010, over twice as many as in\u00a0<\/strong><\/span><strong><span style=\"color: #333399;\">2004. <\/span><\/strong><\/p>\n<p style=\"text-align: left;\"><span style=\"color: #333399;\"><strong>Substance abuse treatment admissions for opiates other than heroin increased more than six-fold from 1999 to 2009.<\/strong> <strong>Opioids are also associated with other well- known adverse effects such as constipation, nausea, and sedation. <\/strong><\/span><\/p>\n<p style=\"text-align: left;\"><strong><span style=\"color: #333399;\">More recent data have reported potential associations between use of long-term opioid therapy and other harms such as adverse endocrinological effects and hyperalgesia.<\/span><\/strong><\/p>\n<p style=\"text-align: left;\"><span style=\"color: #000000;\">The Discussion section in the October 2014 AHRQ report, &#8220;The Effectiveness and Risks of Long-Term Opioid Treatment of Chronic Pain&#8221;, following the review initiated in 2013, reads as follows (excerpt)<\/span><\/p>\n<p style=\"text-align: left;\"><strong><span style=\"color: #333399;\">Based on our review, most clinical and policy decisions regarding use of long-term opioid therapy must necessarily still be made on the basis of weak or insufficient evidence. <\/span><\/strong><\/p>\n<p style=\"text-align: left;\"><span style=\"color: #333399;\">This is in accordance with findings from a 2009 U.S. guideline on use of opioids for chronic pain, which found 21 of 25 recommendations supported by only low-quality evidence,<sup>105<\/sup> and a 2010 Canadian guideline,<sup>106<\/sup> which classified 3 of 24 recommendations as based on (short-term) randomized trials and 19 recommendations as based solely or partially on consensus opinion. <\/span><\/p>\n<p style=\"text-align: left;\"><strong><span style=\"color: #333399;\">Although randomized trials show short-term, moderate improvements in pain in highly selected, low-risk populations with chronic pain, such efficacy-based evidence is of limited usefulness for informing long-term opioid prescribing decisions in clinical practice.<\/span><\/strong><\/p>\n<p style=\"text-align: left;\"><span style=\"color: #000000;\">Followed by-<\/span><\/p>\n<p style=\"text-align: left;\"><strong><span style=\"color: #333399;\">Conclusions<\/span><\/strong><br \/>\n<strong><span style=\"color: #333399;\">Evidence on long-term opioid therapy for chronic pain is very limited, but suggests an increased risk of serious harms that appears to be dose-dependent. <\/span><\/strong><\/p>\n<p style=\"text-align: left;\"><span style=\"color: #333399;\">Based on our review, most clinical and policy decisions regarding use of long-term opioid therapy must necessarily still be made on the basis of weak or insufficient evidence. <\/span><\/p>\n<p style=\"text-align: left;\"><span style=\"color: #333399;\">More research is needed to understand long- term benefits, risk of abuse and related outcomes, and effectiveness of different opioid prescribing methods and risk mitigation strategies.<\/span><\/p>\n<p style=\"text-align: center;\">******<\/p>\n<p style=\"text-align: left;\"><span style=\"color: #000000;\">As Pain Specialists, Acupuncturists are committed to providing non-pharmacologic options for patients experiencing chronic pain.\u00a0 According to the IOM, one in three Americans is considered to\u00a0 fit in this category.<\/span><\/p>\n<p style=\"text-align: left;\"><span class=\"userContent\" style=\"color: #000000;\"><span class=\"text_exposed_show\">The Joint Commission, which accredits and certifies more than 20,500 health care organizations and programs in the United States, recently (November, 2014) released an update to its Pain Management guidelines recommending non-pharma options.<br \/>\n<\/span><\/span><\/p>\n<p style=\"text-align: left;\"><strong><span style=\"color: #000000;\">Revisions to pain management standard effective January 1, 2015 (Standard PC.01.02.07, excerpts)<\/span><br \/>\n<\/strong><\/p>\n<p style=\"text-align: left;\"><span style=\"color: #333399;\">The experts affirmed that treatment strategies may consider both pharmacologic and nonpharmacologic approaches. <strong>In addition, when considering the use of medications to treat pain, organizations should consider both the benefits to the patient, as well as the risks of dependency, addiction, and abuse of opioids.<\/strong><\/span><\/p>\n<p style=\"text-align: left;\"><span style=\"color: #333399;\">The identification and management of pain is an important component of [patient]-centered care. [Patients] can expect that their health care providers will involve them in their assessment and management of pain.<\/span><\/p>\n<p style=\"text-align: left;\"><span style=\"color: #333399;\"><strong>Both pharmacologic and nonpharmacologic strategies have a role in the management of pain.<\/strong> The following examples are not exhaustive, but strategies may include the following:<\/span><\/p>\n<p style=\"text-align: left;\"><span style=\"color: #333399;\">&#x2666;<strong>Nonpharmacologic strategies: physical modalities (for example, acupuncture therapy, chiropractic therapy, osteopathic manipulative treatment, massage therapy, and physical therapy), relaxation therapy, and cognitive behavioral therapy<\/strong><\/span><\/p>\n<p style=\"text-align: left;\"><span style=\"color: #333399;\">&#x2666;Pharmacologic strategies: nonopioid, opioid, and adjuvant analgesics<\/span><\/p>\n<p style=\"text-align: center;\">******<\/p>\n<p style=\"text-align: left;\"><span class=\"userContent\"><strong>Integrating TCM &amp; Western Medicine, a Science (AAAS, 2014) Supplement<\/strong><\/span><\/p>\n<p><span style=\"color: #000000;\">This wonderful series of <a href=\"http:\/\/www.sciencemag.org\/content\/346\/6216\/1569.4.short\">articles<\/a>, including one from the National Center for Complementary &amp; Alternative (Integrative) Medicine (NCCAM )Director Josephine Briggs, makes a great case for the integration of traditional medicines such as Traiditional Chinese Medicine (TCM) into modern medical systems (e.g., <span class=\"text_exposed_show\">U.S.).<\/span><\/span><\/p>\n<p><span style=\"color: #000000;\">It also offers insights into cutting-edge healthcare initiatives, from the new Traditional Medicine Strategy at the World Health Organization (WHO) \u00a0to the application of systems biology for studying TCM.<\/span><\/p>\n<p style=\"text-align: center;\">******<\/p>\n","protected":false},"excerpt":{"rendered":"<p>This page is devoted to policies and reforms that will be needed to reduce the rampant waste in U.S. healthcare and to introduce reforms that focus on disease prevention and long-term health improvement by providing community-specific resources that address the diverse needs of cohorts based on age, education, gender, race- ethnic identity.<\/p>\n<p>More specifically, to [&#8230;]<\/p>\n<p>  [&#8230;]<\/p>\n","protected":false},"author":1,"featured_media":0,"parent":184,"menu_order":100,"comment_status":"closed","ping_status":"closed","template":"","meta":{"_exactmetrics_skip_tracking":false,"_exactmetrics_sitenote_active":false,"_exactmetrics_sitenote_note":"","_exactmetrics_sitenote_category":0,"footnotes":""},"class_list":["post-988","page","type-page","status-publish","hentry","odd"],"_links":{"self":[{"href":"https:\/\/tuinaacupuncture.com\/index.php?rest_route=\/wp\/v2\/pages\/988","targetHints":{"allow":["GET"]}}],"collection":[{"href":"https:\/\/tuinaacupuncture.com\/index.php?rest_route=\/wp\/v2\/pages"}],"about":[{"href":"https:\/\/tuinaacupuncture.com\/index.php?rest_route=\/wp\/v2\/types\/page"}],"author":[{"embeddable":true,"href":"https:\/\/tuinaacupuncture.com\/index.php?rest_route=\/wp\/v2\/users\/1"}],"replies":[{"embeddable":true,"href":"https:\/\/tuinaacupuncture.com\/index.php?rest_route=%2Fwp%2Fv2%2Fcomments&post=988"}],"version-history":[{"count":49,"href":"https:\/\/tuinaacupuncture.com\/index.php?rest_route=\/wp\/v2\/pages\/988\/revisions"}],"predecessor-version":[{"id":1336,"href":"https:\/\/tuinaacupuncture.com\/index.php?rest_route=\/wp\/v2\/pages\/988\/revisions\/1336"}],"up":[{"embeddable":true,"href":"https:\/\/tuinaacupuncture.com\/index.php?rest_route=\/wp\/v2\/pages\/184"}],"wp:attachment":[{"href":"https:\/\/tuinaacupuncture.com\/index.php?rest_route=%2Fwp%2Fv2%2Fmedia&parent=988"}],"curies":[{"name":"wp","href":"https:\/\/api.w.org\/{rel}","templated":true}]}}